{"id":242,"date":"2018-03-13T09:07:15","date_gmt":"2018-03-13T09:07:15","guid":{"rendered":"http:\/\/import.getbowtied.com\/theretailerpro\/index.php\/cart\/"},"modified":"2018-03-13T09:07:15","modified_gmt":"2018-03-13T09:07:15","slug":"cart","status":"publish","type":"page","link":"https:\/\/laertillit.com\/?page_id=242","title":{"rendered":"Cart"},"content":{"rendered":"<div class=\"woocommerce\"><div class=\"woocommerce-notices-wrapper\"><\/div><p class=\"cart-empty\">Tu carrito est\u00e1 vac\u00edo.<\/p><span class=\"after-cart-empty-title\">You might like these<\/span><div class=\"woocommerce columns-6 \"><ul class=\"products columns-6\">\n\n\n<li class=\"product type-product post-254 status-publish first instock product_cat-hoodies has-post-thumbnail featured shipping-taxable purchasable product-type-simple\">\n\n\t\n\t<div class=\"main-container\">\n\n\t\t<div class=\"product_image_wrapper\">\n\n\t\t\t<div class=\"product_badges_wrapper\">\n\t\t\t\t\t\t\t<\/div>\n\n\t\t\t\n\t\t\t<div class=\"product_image \">\n\t\t\t\t<a href=\"https:\/\/laertillit.com\/?product=hoodie-with-zipper\">\n\t\t\t\t\t\t\t\t\t\t\t<span class=\"product_second_image\" style=\"\"><\/span>\n\t\t\t\t\t\t\t\t\t\t<img loading=\"lazy\" decoding=\"async\" width=\"330\" height=\"413\" src=\"https:\/\/i0.wp.com\/laertillit.com\/wp-content\/uploads\/2018\/03\/hoodie-with-zipper-2.jpg?resize=330%2C413&amp;ssl=1\" class=\"attachment-woocommerce_thumbnail size-woocommerce_thumbnail\" alt=\"Hoodie with Zipper\" srcset=\"https:\/\/i0.wp.com\/laertillit.com\/wp-content\/uploads\/2018\/03\/hoodie-with-zipper-2.jpg?resize=330%2C413&amp;ssl=1 330w, https:\/\/i0.wp.com\/laertillit.com\/wp-content\/uploads\/2018\/03\/hoodie-with-zipper-2.jpg?zoom=2&amp;resize=330%2C413 660w\" sizes=\"auto, (max-width: 330px) 100vw, 330px\" \/>\t\t\t\t<\/a>\n\t\t\t<\/div>\n\n\t\t<\/div>\n\n\t\t<div class=\"second-container\">\n\n\t\t\t<div class=\"product_info\">\n\t\t\t\t\t\t\t\t<a href=\"https:\/\/laertillit.com\/?product=hoodie-with-zipper\" class=\"title\"><h2 class=\"woocommerce-loop-product__title\">Hoodie with Zipper<\/h2><\/a>\n\t\t\t\t\n\t<span class=\"price\"><span class=\"woocommerce-Price-amount amount\"><bdi><span class=\"woocommerce-Price-currencySymbol\">&#36;<\/span>&nbsp;45<\/bdi><\/span><\/span>\n\t\t\t<\/div>\n\n\t\t\t<div class=\"buttons\">\n\t\t\t\t\t\t\t\t\n\t\t\t<a href=\"#\" class=\"getbowtied_product_quick_view_button\" data-product_id=\"254\" rel=\"nofollow\">\n\t\t\t\t<span class=\"tooltip\">Quick View<\/span>\n\t\t\t<\/a>\n\t\t\t\t\t\t<a href=\"\/index.php?rest_route=%2Fwp%2Fv2%2Fpages%2F242&#038;add-to-cart=254\" data-quantity=\"1\" class=\"button product_type_simple add_to_cart_button ajax_add_to_cart\" data-product_id=\"254\" data-product_sku=\"woo-hoodie-with-zipper\" aria-label=\"A\u00f1adir al carrito: &ldquo;Hoodie with Zipper&rdquo;\" rel=\"nofollow\" data-success_message=\"\u00abHoodie with Zipper\u00bb se ha a\u00f1adido a tu carrito\" role=\"button\"><span class=\"tooltip\">A\u00f1adir al carrito<\/span><\/a>\t\t\t<\/div>\n\n\t\t<\/div>\n\n\t<\/div>\n\n\t<button class=\"woosw-btn woosw-btn-254\" data-id=\"254\" data-product_name=\"Hoodie with Zipper\" data-product_image=\"https:\/\/i0.wp.com\/laertillit.com\/wp-content\/uploads\/2018\/03\/hoodie-with-zipper-2.jpg?resize=150%2C150&amp;ssl=1\" aria-label=\"Add to wishlist\">Add to wishlist<\/button>\n<\/li>\n\n\n<li class=\"product type-product post-252 status-publish instock product_cat-dresses product_cat-men has-post-thumbnail featured shipping-taxable purchasable product-type-simple\">\n\n\t\n\t<div class=\"main-container\">\n\n\t\t<div class=\"product_image_wrapper\">\n\n\t\t\t<div class=\"product_badges_wrapper\">\n\t\t\t\t\t\t\t<\/div>\n\n\t\t\t\n\t\t\t<div class=\"product_image \">\n\t\t\t\t<a href=\"https:\/\/laertillit.com\/?product=sunglasses\">\n\t\t\t\t\t\t\t\t\t\t\t<span class=\"product_second_image\" style=\"\"><\/span>\n\t\t\t\t\t\t\t\t\t\t<img loading=\"lazy\" decoding=\"async\" width=\"330\" height=\"413\" src=\"https:\/\/i0.wp.com\/laertillit.com\/wp-content\/uploads\/2018\/03\/sunglasses-2.jpg?resize=330%2C413&amp;ssl=1\" class=\"attachment-woocommerce_thumbnail size-woocommerce_thumbnail\" alt=\"Sunglasses\" srcset=\"https:\/\/i0.wp.com\/laertillit.com\/wp-content\/uploads\/2018\/03\/sunglasses-2.jpg?resize=330%2C413&amp;ssl=1 330w, https:\/\/i0.wp.com\/laertillit.com\/wp-content\/uploads\/2018\/03\/sunglasses-2.jpg?zoom=2&amp;resize=330%2C413 660w\" sizes=\"auto, (max-width: 330px) 100vw, 330px\" \/>\t\t\t\t<\/a>\n\t\t\t<\/div>\n\n\t\t<\/div>\n\n\t\t<div class=\"second-container\">\n\n\t\t\t<div class=\"product_info\">\n\t\t\t\t\t\t\t\t<a href=\"https:\/\/laertillit.com\/?product=sunglasses\" class=\"title\"><h2 class=\"woocommerce-loop-product__title\">Sunglasses<\/h2><\/a>\n\t\t\t\t\n\t<span class=\"price\"><span class=\"woocommerce-Price-amount amount\"><bdi><span class=\"woocommerce-Price-currencySymbol\">&#36;<\/span>&nbsp;90<\/bdi><\/span><\/span>\n\t\t\t<\/div>\n\n\t\t\t<div class=\"buttons\">\n\t\t\t\t\t\t\t\t\n\t\t\t<a href=\"#\" class=\"getbowtied_product_quick_view_button\" data-product_id=\"252\" rel=\"nofollow\">\n\t\t\t\t<span class=\"tooltip\">Quick View<\/span>\n\t\t\t<\/a>\n\t\t\t\t\t\t<a href=\"\/index.php?rest_route=%2Fwp%2Fv2%2Fpages%2F242&#038;add-to-cart=252\" data-quantity=\"1\" class=\"button product_type_simple add_to_cart_button ajax_add_to_cart\" data-product_id=\"252\" data-product_sku=\"woo-sunglasses\" aria-label=\"A\u00f1adir al carrito: &ldquo;Sunglasses&rdquo;\" rel=\"nofollow\" data-success_message=\"\u00abSunglasses\u00bb se ha a\u00f1adido a tu carrito\" role=\"button\"><span class=\"tooltip\">A\u00f1adir al carrito<\/span><\/a>\t\t\t<\/div>\n\n\t\t<\/div>\n\n\t<\/div>\n\n\t<button class=\"woosw-btn woosw-btn-252\" data-id=\"252\" data-product_name=\"Sunglasses\" data-product_image=\"https:\/\/i0.wp.com\/laertillit.com\/wp-content\/uploads\/2018\/03\/sunglasses-2.jpg?resize=150%2C150&amp;ssl=1\" aria-label=\"Add to wishlist\">Add to wishlist<\/button>\n<\/li>\n\n\n<li class=\"product type-product post-251 status-publish instock product_cat-dresses product_cat-men has-post-thumbnail sale featured shipping-taxable purchasable product-type-simple\">\n\n\t\n\t<div class=\"main-container\">\n\n\t\t<div class=\"product_image_wrapper\">\n\n\t\t\t<div class=\"product_badges_wrapper\">\n\t\t\t\t\n\t<span class=\"onsale\">Promo!<\/span>\n\t\t\t\t<\/div>\n\n\t\t\t\n\t\t\t<div class=\"product_image \">\n\t\t\t\t<a href=\"https:\/\/laertillit.com\/?product=cap\">\n\t\t\t\t\t\t\t\t\t\t\t<span class=\"product_second_image\" style=\"\"><\/span>\n\t\t\t\t\t\t\t\t\t\t<img loading=\"lazy\" decoding=\"async\" width=\"330\" height=\"413\" src=\"https:\/\/i0.wp.com\/laertillit.com\/wp-content\/uploads\/2018\/03\/cap-2.jpg?resize=330%2C413&amp;ssl=1\" class=\"attachment-woocommerce_thumbnail size-woocommerce_thumbnail\" alt=\"Cap\" srcset=\"https:\/\/i0.wp.com\/laertillit.com\/wp-content\/uploads\/2018\/03\/cap-2.jpg?resize=330%2C413&amp;ssl=1 330w, https:\/\/i0.wp.com\/laertillit.com\/wp-content\/uploads\/2018\/03\/cap-2.jpg?zoom=2&amp;resize=330%2C413 660w\" sizes=\"auto, (max-width: 330px) 100vw, 330px\" \/>\t\t\t\t<\/a>\n\t\t\t<\/div>\n\n\t\t<\/div>\n\n\t\t<div class=\"second-container\">\n\n\t\t\t<div class=\"product_info\">\n\t\t\t\t\t\t\t\t<a href=\"https:\/\/laertillit.com\/?product=cap\" class=\"title\"><h2 class=\"woocommerce-loop-product__title\">Cap<\/h2><\/a>\n\t\t\t\t\n\t<span class=\"price\"><del aria-hidden=\"true\"><span class=\"woocommerce-Price-amount amount\"><bdi><span class=\"woocommerce-Price-currencySymbol\">&#36;<\/span>&nbsp;18<\/bdi><\/span><\/del> <span class=\"screen-reader-text\">Original price was: &#036;&nbsp;18.<\/span><ins aria-hidden=\"true\"><span class=\"woocommerce-Price-amount amount\"><bdi><span class=\"woocommerce-Price-currencySymbol\">&#36;<\/span>&nbsp;16<\/bdi><\/span><\/ins><span class=\"screen-reader-text\">Current price is: &#036;&nbsp;16.<\/span><\/span>\n\t\t\t<\/div>\n\n\t\t\t<div class=\"buttons\">\n\t\t\t\t\t\t\t\t\n\t\t\t<a href=\"#\" class=\"getbowtied_product_quick_view_button\" data-product_id=\"251\" rel=\"nofollow\">\n\t\t\t\t<span class=\"tooltip\">Quick View<\/span>\n\t\t\t<\/a>\n\t\t\t\t\t\t<a href=\"\/index.php?rest_route=%2Fwp%2Fv2%2Fpages%2F242&#038;add-to-cart=251\" data-quantity=\"1\" class=\"button product_type_simple add_to_cart_button ajax_add_to_cart\" data-product_id=\"251\" data-product_sku=\"woo-cap\" aria-label=\"A\u00f1adir al carrito: &ldquo;Cap&rdquo;\" rel=\"nofollow\" data-success_message=\"\u00abCap\u00bb se ha a\u00f1adido a tu carrito\" role=\"button\"><span class=\"tooltip\">A\u00f1adir al carrito<\/span><\/a>\t\t\t<\/div>\n\n\t\t<\/div>\n\n\t<\/div>\n\n\t<button class=\"woosw-btn woosw-btn-251\" data-id=\"251\" data-product_name=\"Cap\" data-product_image=\"https:\/\/i0.wp.com\/laertillit.com\/wp-content\/uploads\/2018\/03\/cap-2.jpg?resize=150%2C150&amp;ssl=1\" aria-label=\"Add to wishlist\">Add to wishlist<\/button>\n<\/li>\n\n\n<li class=\"product type-product post-245 status-publish outofstock product_cat-jumpers-cardigans has-post-thumbnail featured shipping-taxable purchasable product-type-variable\">\n\n\t\n\t<div class=\"main-container\">\n\n\t\t<div class=\"product_image_wrapper\">\n\n\t\t\t<div class=\"product_badges_wrapper\">\n\t\t\t\t\t\t\t<\/div>\n\n\t\t\t\n\t\t\t<div class=\"product_image \">\n\t\t\t\t<a href=\"https:\/\/laertillit.com\/?product=v-neck-t-shirt\">\n\t\t\t\t\t\t\t\t\t\t\t<span class=\"product_second_image\" style=\"\"><\/span>\n\t\t\t\t\t\t\t\t\t\t<img loading=\"lazy\" decoding=\"async\" width=\"330\" height=\"413\" src=\"https:\/\/i0.wp.com\/laertillit.com\/wp-content\/uploads\/2018\/03\/vneck-tee-2.jpg?resize=330%2C413&amp;ssl=1\" class=\"attachment-woocommerce_thumbnail size-woocommerce_thumbnail\" alt=\"V-Neck T-Shirt\" srcset=\"https:\/\/i0.wp.com\/laertillit.com\/wp-content\/uploads\/2018\/03\/vneck-tee-2.jpg?resize=330%2C413&amp;ssl=1 330w, https:\/\/i0.wp.com\/laertillit.com\/wp-content\/uploads\/2018\/03\/vneck-tee-2.jpg?zoom=2&amp;resize=330%2C413 660w\" sizes=\"auto, (max-width: 330px) 100vw, 330px\" \/><span class=\"stock out-of-stock\">Agotado<\/span>\t\t\t\t<\/a>\n\t\t\t<\/div>\n\n\t\t<\/div>\n\n\t\t<div class=\"second-container\">\n\n\t\t\t<div class=\"product_info\">\n\t\t\t\t\t\t\t\t<a href=\"https:\/\/laertillit.com\/?product=v-neck-t-shirt\" class=\"title\"><h2 class=\"woocommerce-loop-product__title\">V-Neck T-Shirt<\/h2><\/a>\n\t\t\t\t\n\t<span class=\"price\"><span class=\"woocommerce-Price-amount amount\" aria-hidden=\"true\"><bdi><span class=\"woocommerce-Price-currencySymbol\">&#36;<\/span>&nbsp;15<\/bdi><\/span> <span aria-hidden=\"true\">&ndash;<\/span> <span class=\"woocommerce-Price-amount amount\" aria-hidden=\"true\"><bdi><span class=\"woocommerce-Price-currencySymbol\">&#36;<\/span>&nbsp;20<\/bdi><\/span><span class=\"screen-reader-text\">Price range: &#36;&nbsp;15 through &#36;&nbsp;20<\/span><\/span>\n\t\t\t<\/div>\n\n\t\t\t<div class=\"buttons\">\n\t\t\t\t\t\t\t\t\n\t\t\t<a href=\"#\" class=\"getbowtied_product_quick_view_button\" data-product_id=\"245\" rel=\"nofollow\">\n\t\t\t\t<span class=\"tooltip\">Quick View<\/span>\n\t\t\t<\/a>\n\t\t\t\t\t\t<a href=\"https:\/\/laertillit.com\/?product=v-neck-t-shirt\" data-quantity=\"1\" class=\"button product_type_variable cfvsw_ajax_add_to_cart\" data-product_id=\"245\" data-product_sku=\"woo-vneck-tee\" aria-label=\"Elige las opciones para &ldquo;V-Neck T-Shirt&rdquo;\" rel=\"nofollow\" data-add_to_cart_text=\"Add to Cart\" data-select_options_text=\"Seleccionar opciones\"><span class=\"tooltip\">Seleccionar opciones<\/span><\/a>\t\t\t<\/div>\n\n\t\t<\/div>\n\n\t<\/div>\n\n\t<button class=\"woosw-btn woosw-btn-245\" data-id=\"245\" data-product_name=\"V-Neck T-Shirt\" data-product_image=\"https:\/\/i0.wp.com\/laertillit.com\/wp-content\/uploads\/2018\/03\/vneck-tee-2.jpg?resize=150%2C150&amp;ssl=1\" aria-label=\"Add to wishlist\">Add to wishlist<\/button>\n<\/li>\n<\/ul>\n<\/div>\t<p class=\"return-to-shop\">\n\t\t<a class=\"button wc-backward\" href=\"https:\/\/laertillit.com\/?page_id=241\">\n\t\t\tVolver a la tienda\t\t<\/a>\n\t<\/p>\n<\/div>\n","protected":false},"excerpt":{"rendered":"Tu carrito est\u00e1 vac\u00edo.You might like these Hoodie with Zipper &#36;&nbsp;45 Quick View A\u00f1adir al carrito Add to wishlist Sunglasses\u2026","protected":false},"author":1,"featured_media":0,"parent":0,"menu_order":0,"comment_status":"closed","ping_status":"closed","template":"","meta":{"om_disable_all_campaigns":false,"_monsterinsights_skip_tracking":false,"_monsterinsights_sitenote_active":false,"_monsterinsights_sitenote_note":"","_monsterinsights_sitenote_category":0,"jetpack_post_was_ever_published":false,"footnotes":""},"class_list":["post-242","page","type-page","status-publish","hentry"],"aioseo_notices":[],"jetpack-related-posts":[],"jetpack_sharing_enabled":true,"_links":{"self":[{"href":"https:\/\/laertillit.com\/index.php?rest_route=\/wp\/v2\/pages\/242","targetHints":{"allow":["GET"]}}],"collection":[{"href":"https:\/\/laertillit.com\/index.php?rest_route=\/wp\/v2\/pages"}],"about":[{"href":"https:\/\/laertillit.com\/index.php?rest_route=\/wp\/v2\/types\/page"}],"author":[{"embeddable":true,"href":"https:\/\/laertillit.com\/index.php?rest_route=\/wp\/v2\/users\/1"}],"replies":[{"embeddable":true,"href":"https:\/\/laertillit.com\/index.php?rest_route=%2Fwp%2Fv2%2Fcomments&post=242"}],"version-history":[{"count":0,"href":"https:\/\/laertillit.com\/index.php?rest_route=\/wp\/v2\/pages\/242\/revisions"}],"wp:attachment":[{"href":"https:\/\/laertillit.com\/index.php?rest_route=%2Fwp%2Fv2%2Fmedia&parent=242"}],"curies":[{"name":"wp","href":"https:\/\/api.w.org\/{rel}","templated":true}]}}